{"id":3718,"date":"2024-02-21T00:51:43","date_gmt":"2024-02-20T23:51:43","guid":{"rendered":"http:\/\/18.159.216.47\/?page_id=3718"},"modified":"2024-02-29T00:12:05","modified_gmt":"2024-02-28T23:12:05","slug":"finexpert-typage","status":"publish","type":"page","link":"https:\/\/trading-news.oneyeartarget.it\/index.php\/finexpert-typage\/","title":{"rendered":"Finexpert &#8211; TY Page"},"content":{"rendered":"\t\t<div data-elementor-type=\"wp-page\" data-elementor-id=\"3718\" class=\"elementor elementor-3718\" data-elementor-post-type=\"page\">\n\t\t\t\t\t\t<section class=\"elementor-section elementor-top-section elementor-element elementor-element-5d074edc elementor-section-boxed elementor-section-height-default elementor-section-height-default\" data-id=\"5d074edc\" data-element_type=\"section\" data-e-type=\"section\" data-settings=\"{&quot;background_background&quot;:&quot;classic&quot;}\">\n\t\t\t\t\t\t<div class=\"elementor-container elementor-column-gap-no\">\n\t\t\t\t\t<div class=\"elementor-column elementor-col-100 elementor-top-column elementor-element elementor-element-57491488\" data-id=\"57491488\" data-element_type=\"column\" data-e-type=\"column\" data-settings=\"{&quot;background_background&quot;:&quot;classic&quot;}\">\n\t\t\t<div class=\"elementor-widget-wrap elementor-element-populated\">\n\t\t\t\t\t\t<section class=\"elementor-section elementor-inner-section elementor-element elementor-element-21f8c350 elementor-section-full_width elementor-section-height-default elementor-section-height-default\" data-id=\"21f8c350\" data-element_type=\"section\" data-e-type=\"section\" data-settings=\"{&quot;background_background&quot;:&quot;classic&quot;}\">\n\t\t\t\t\t\t<div class=\"elementor-container elementor-column-gap-no\">\n\t\t\t\t\t<div class=\"elementor-column elementor-col-100 elementor-inner-column elementor-element elementor-element-2c656917\" data-id=\"2c656917\" data-element_type=\"column\" data-e-type=\"column\">\n\t\t\t<div class=\"elementor-widget-wrap elementor-element-populated\">\n\t\t\t\t\t\t<div class=\"elementor-element elementor-element-214fc96e elementor-widget elementor-widget-spacer\" data-id=\"214fc96e\" data-element_type=\"widget\" data-e-type=\"widget\" data-widget_type=\"spacer.default\">\n\t\t\t\t<div class=\"elementor-widget-container\">\n\t\t\t\t\t\t\t<div class=\"elementor-spacer\">\n\t\t\t<div class=\"elementor-spacer-inner\"><\/div>\n\t\t<\/div>\n\t\t\t\t\t\t<\/div>\n\t\t\t\t<\/div>\n\t\t\t\t<div class=\"elementor-element elementor-element-7ca15cd8 elementor-widget elementor-widget-heading\" data-id=\"7ca15cd8\" data-element_type=\"widget\" data-e-type=\"widget\" data-widget_type=\"heading.default\">\n\t\t\t\t<div class=\"elementor-widget-container\">\n\t\t\t\t\t<h1 class=\"elementor-heading-title elementor-size-default\"><b>In base alla nostra analisi, l'azienda migliore per te \u00e8: <\/b><\/h1>\t\t\t\t<\/div>\n\t\t\t\t<\/div>\n\t\t\t\t<div class=\"elementor-element elementor-element-382335c3 elementor-widget elementor-widget-image\" data-id=\"382335c3\" data-element_type=\"widget\" data-e-type=\"widget\" data-widget_type=\"image.default\">\n\t\t\t\t<div class=\"elementor-widget-container\">\n\t\t\t\t\t\t\t\t\t\t\t\t\t\t\t<img fetchpriority=\"high\" decoding=\"async\" width=\"494\" height=\"169\" src=\"https:\/\/trading-news.oneyeartarget.it\/wp-content\/uploads\/2024\/02\/Untitled-design-2-e1708471886980.png\" class=\"attachment-large size-large wp-image-3723\" alt=\"\" srcset=\"https:\/\/trading-news.oneyeartarget.it\/wp-content\/uploads\/2024\/02\/Untitled-design-2-e1708471886980.png 494w, https:\/\/trading-news.oneyeartarget.it\/wp-content\/uploads\/2024\/02\/Untitled-design-2-e1708471886980-300x103.png 300w\" sizes=\"(max-width: 494px) 100vw, 494px\" \/>\t\t\t\t\t\t\t\t\t\t\t\t\t\t\t<\/div>\n\t\t\t\t<\/div>\n\t\t\t\t<div class=\"elementor-element elementor-element-6b0458a5 elementor-widget elementor-widget-text-editor\" data-id=\"6b0458a5\" data-element_type=\"widget\" data-e-type=\"widget\" data-widget_type=\"text-editor.default\">\n\t\t\t\t<div class=\"elementor-widget-container\">\n\t\t\t\t\t\t\t\t\t<p>Abbiamo scelto <b>Finexpert.it<\/b> perch\u00e9:<\/p><p>\u2714\ufe0f L&#8217;azienda esiste dal 2005. Con i suoi di <b>19 anni di storia<\/b>, \u00e8 un esempio perfetto di solida realt\u00e0 italiana;<\/p><p>\u2714\ufe0f Conta pi\u00f9 di <b>7859 clienti<\/b> in tutta Italia;<\/p><p>\u2714\ufe0f \u00c8 <b>certificata OAM<\/b> (Organismo Agenti Mediatori);<\/p><p>\u2714\ufe0f \u00c8 <b>certificata IVASS<\/b> (Istituto Vigilanza per le Assicurazioni);<\/p>\t\t\t\t\t\t\t\t<\/div>\n\t\t\t\t<\/div>\n\t\t\t\t<div class=\"elementor-element elementor-element-23861eb elementor-widget elementor-widget-heading\" data-id=\"23861eb\" data-element_type=\"widget\" data-e-type=\"widget\" data-widget_type=\"heading.default\">\n\t\t\t\t<div class=\"elementor-widget-container\">\n\t\t\t\t\t<h1 class=\"elementor-heading-title elementor-size-default\"><b>Cosa succede adesso?<\/b><\/h1>\t\t\t\t<\/div>\n\t\t\t\t<\/div>\n\t\t\t\t<div class=\"elementor-element elementor-element-f7accd6 elementor-widget elementor-widget-text-editor\" data-id=\"f7accd6\" data-element_type=\"widget\" data-e-type=\"widget\" data-widget_type=\"text-editor.default\">\n\t\t\t\t<div class=\"elementor-widget-container\">\n\t\t\t\t\t\t\t\t\t<p><b>Un consulente del team di Finexpert <\/b>ha preso in carico la tua richiesta e sar\u00e0 in contatto con te nelle prossime 2 ore per offrirti un preventivo gratuito e senza impegno.\u00a0<\/p><p>Assicurati di tenere d&#8217;occhio il telefono per non perderti la chiamata.\u00a0<\/p>\t\t\t\t\t\t\t\t<\/div>\n\t\t\t\t<\/div>\n\t\t\t\t<div class=\"elementor-element elementor-element-e8c76b2 elementor-widget elementor-widget-heading\" data-id=\"e8c76b2\" data-element_type=\"widget\" data-e-type=\"widget\" data-widget_type=\"heading.default\">\n\t\t\t\t<div class=\"elementor-widget-container\">\n\t\t\t\t\t<h1 class=\"elementor-heading-title elementor-size-default\"><b>Le certificazioni di Finexpert <\/b><\/h1>\t\t\t\t<\/div>\n\t\t\t\t<\/div>\n\t\t\t\t<div class=\"elementor-element elementor-element-81c597c elementor-arrows-position-inside elementor-pagination-position-outside elementor-widget elementor-widget-image-carousel\" data-id=\"81c597c\" data-element_type=\"widget\" data-e-type=\"widget\" data-settings=\"{&quot;slides_to_show&quot;:&quot;1&quot;,&quot;navigation&quot;:&quot;both&quot;,&quot;autoplay&quot;:&quot;yes&quot;,&quot;pause_on_hover&quot;:&quot;yes&quot;,&quot;pause_on_interaction&quot;:&quot;yes&quot;,&quot;autoplay_speed&quot;:5000,&quot;infinite&quot;:&quot;yes&quot;,&quot;effect&quot;:&quot;slide&quot;,&quot;speed&quot;:500}\" data-widget_type=\"image-carousel.default\">\n\t\t\t\t<div class=\"elementor-widget-container\">\n\t\t\t\t\t\t\t<div class=\"elementor-image-carousel-wrapper swiper\" role=\"region\" aria-roledescription=\"carousel\" aria-label=\"Carosello d&#039;immagini\" dir=\"ltr\">\n\t\t\t<div class=\"elementor-image-carousel swiper-wrapper\" aria-live=\"off\">\n\t\t\t\t\t\t\t\t<div class=\"swiper-slide\" role=\"group\" aria-roledescription=\"slide\" aria-label=\"1 di 2\"><figure class=\"swiper-slide-inner\"><img decoding=\"async\" class=\"swiper-slide-image\" src=\"https:\/\/trading-news.oneyeartarget.it\/wp-content\/uploads\/2024\/02\/1.webp\" alt=\"1\" \/><\/figure><\/div><div class=\"swiper-slide\" role=\"group\" aria-roledescription=\"slide\" aria-label=\"2 di 2\"><figure class=\"swiper-slide-inner\"><img decoding=\"async\" class=\"swiper-slide-image\" src=\"https:\/\/trading-news.oneyeartarget.it\/wp-content\/uploads\/2024\/02\/2.webp\" alt=\"2\" \/><\/figure><\/div>\t\t\t<\/div>\n\t\t\t\t\t\t\t\t\t\t\t\t<div class=\"elementor-swiper-button elementor-swiper-button-prev\" role=\"button\" tabindex=\"0\">\n\t\t\t\t\t\t<svg aria-hidden=\"true\" class=\"e-font-icon-svg e-eicon-chevron-left\" viewBox=\"0 0 1000 1000\" xmlns=\"http:\/\/www.w3.org\/2000\/svg\"><path d=\"M646 125C629 125 613 133 604 142L308 442C296 454 292 471 292 487 292 504 296 521 308 533L604 854C617 867 629 875 646 875 663 875 679 871 692 858 704 846 713 829 713 812 713 796 708 779 692 767L438 487 692 225C700 217 708 204 708 187 708 171 704 154 692 142 675 129 663 125 646 125Z\"><\/path><\/svg>\t\t\t\t\t<\/div>\n\t\t\t\t\t<div class=\"elementor-swiper-button elementor-swiper-button-next\" role=\"button\" tabindex=\"0\">\n\t\t\t\t\t\t<svg aria-hidden=\"true\" class=\"e-font-icon-svg e-eicon-chevron-right\" viewBox=\"0 0 1000 1000\" xmlns=\"http:\/\/www.w3.org\/2000\/svg\"><path d=\"M696 533C708 521 713 504 713 487 713 471 708 454 696 446L400 146C388 133 375 125 354 125 338 125 325 129 313 142 300 154 292 171 292 187 292 204 296 221 308 233L563 492 304 771C292 783 288 800 288 817 288 833 296 850 308 863 321 871 338 875 354 875 371 875 388 867 400 854L696 533Z\"><\/path><\/svg>\t\t\t\t\t<\/div>\n\t\t\t\t\n\t\t\t\t\t\t\t\t\t<div class=\"swiper-pagination\"><\/div>\n\t\t\t\t\t\t\t\t\t<\/div>\n\t\t\t\t\t\t<\/div>\n\t\t\t\t<\/div>\n\t\t\t\t\t<\/div>\n\t\t<\/div>\n\t\t\t\t\t<\/div>\n\t\t<\/section>\n\t\t\t\t\t<\/div>\n\t\t<\/div>\n\t\t\t\t\t<\/div>\n\t\t<\/section>\n\t\t\t\t<section class=\"elementor-section elementor-top-section elementor-element elementor-element-58c99192 elementor-section-boxed elementor-section-height-default elementor-section-height-default\" data-id=\"58c99192\" data-element_type=\"section\" data-e-type=\"section\" data-settings=\"{&quot;background_background&quot;:&quot;classic&quot;}\">\n\t\t\t\t\t\t<div class=\"elementor-container elementor-column-gap-default\">\n\t\t\t\t\t<div class=\"elementor-column elementor-col-100 elementor-top-column elementor-element elementor-element-41b44b8f\" data-id=\"41b44b8f\" data-element_type=\"column\" data-e-type=\"column\">\n\t\t\t<div class=\"elementor-widget-wrap elementor-element-populated\">\n\t\t\t\t\t\t<div class=\"elementor-element elementor-element-16993e89 elementor-widget elementor-widget-spacer\" data-id=\"16993e89\" data-element_type=\"widget\" data-e-type=\"widget\" data-widget_type=\"spacer.default\">\n\t\t\t\t<div class=\"elementor-widget-container\">\n\t\t\t\t\t\t\t<div class=\"elementor-spacer\">\n\t\t\t<div class=\"elementor-spacer-inner\"><\/div>\n\t\t<\/div>\n\t\t\t\t\t\t<\/div>\n\t\t\t\t<\/div>\n\t\t\t\t\t<\/div>\n\t\t<\/div>\n\t\t\t\t\t<\/div>\n\t\t<\/section>\n\t\t\t\t<section class=\"elementor-section elementor-top-section elementor-element elementor-element-23b95cda elementor-section-boxed elementor-section-height-default elementor-section-height-default\" data-id=\"23b95cda\" data-element_type=\"section\" data-e-type=\"section\" data-settings=\"{&quot;background_background&quot;:&quot;classic&quot;}\">\n\t\t\t\t\t\t<div class=\"elementor-container elementor-column-gap-default\">\n\t\t\t\t\t<div class=\"elementor-column elementor-col-100 elementor-top-column elementor-element elementor-element-72c2b4ed\" data-id=\"72c2b4ed\" data-element_type=\"column\" data-e-type=\"column\">\n\t\t\t<div class=\"elementor-widget-wrap elementor-element-populated\">\n\t\t\t\t\t\t<div class=\"elementor-element elementor-element-f8fcf54 elementor-widget-divider--view-line elementor-widget elementor-widget-divider\" data-id=\"f8fcf54\" data-element_type=\"widget\" data-e-type=\"widget\" data-widget_type=\"divider.default\">\n\t\t\t\t<div class=\"elementor-widget-container\">\n\t\t\t\t\t\t\t<div class=\"elementor-divider\">\n\t\t\t<span class=\"elementor-divider-separator\">\n\t\t\t\t\t\t<\/span>\n\t\t<\/div>\n\t\t\t\t\t\t<\/div>\n\t\t\t\t<\/div>\n\t\t\t\t<div class=\"elementor-element elementor-element-3d5ec91 elementor-widget elementor-widget-text-editor\" data-id=\"3d5ec91\" data-element_type=\"widget\" data-e-type=\"widget\" data-widget_type=\"text-editor.default\">\n\t\t\t\t<div class=\"elementor-widget-container\">\n\t\t\t\t\t\t\t\t\t<p>2024 Tutti i Diritti Riservati\u00a0 \u2013 <a href=\"https:\/\/finexpert.it\/privacy-e-cookie-policy\/\">Privacy &amp; Cookie Policy<\/a><\/p>\t\t\t\t\t\t\t\t<\/div>\n\t\t\t\t<\/div>\n\t\t\t\t<div class=\"elementor-element elementor-element-b77e5ce elementor-widget elementor-widget-text-editor\" data-id=\"b77e5ce\" data-element_type=\"widget\" data-e-type=\"widget\" data-widget_type=\"text-editor.default\">\n\t\t\t\t<div class=\"elementor-widget-container\">\n\t\t\t\t\t\t\t\t\t<p>Questa \u00e8 una pubblicit\u00e0 e non un articolo di notizie, un blog o un aggiornamento sulla protezione dei consumatori. Ci dedichiamo a portare ai lettori informazioni preziose che possono aiutarli a realizzare i loro obiettivi finanziari, tramite anche l\u2019impiego di tecniche di storytelling per illustrare i servizi proposti. Le storie raccontate in questa pagina pertanto costituiscono una pubblicit\u00e0 con scopo informativo, funziona a far comprendere il potenziale di quanto proposto. Questa pagina \u00e8 una pubblicit\u00e0. Ci auguriamo che troviate la nostra risorsa online informativa e utile. Messaggio pubblicitario con finalit\u00e0 promozionale. Finanziamenti soggetti ad approvazione ed erogazione dell\u2019istituto erogante. TAEG massimo pari al &#8220;tasso soglia&#8221; trimestralmente definito dal Ministero dell&#8217;Economia delle Finanze ai sensi della Legge 7 marzo 1996, n. 108 &#8211; Disposizioni in materia di usura, relativamente alla categoria &#8220;Prestiti contro cessione del quinto dello stipendio&#8221; che per il primo trimestre 2024 \u00e8 21,1000% per importi fino ad \u20ac 15.000,00, 16,2125% per importi oltre \u20ac 15.000,00. La DURATA del prestito pu\u00f2 variare da 24 a 120 mesi. La Convenzione per i pensionati Inps,ex-Inpdap,ex-Enpals,ex-Ipost e la convenzione Noipa per dipendenti statali \u00e8 stata sottoscritta dalla mandante (ente finanziatore)\u00a0<\/p><p>La presente promozione \u00e8 effettuata da Finexpert S.R.L. WWW.FINEXPERT.IT \u2013 \u00e8 di propriet\u00e0 di FINEXPERT ITALIA SRL \u2013 Sede legale e Operativa: Via Antonio Negroni, n. 25- 87100 Cosenza (CS) \u2013 Tel. 0984.390667- Fax \u2013 P.I 03531280786 e CF e Registro Imprese 03531280786 \u2013 REA N. CS-241511 \u2013 Capitale Sociale Deliberato e Capitale sociale i.v. \u20ac 10.000 \u2013 Iscrizione OAM A11530. Il servizio offerto, totalmente gratuito e senza impegno, offre l\u2019opportunit\u00e0 di entrare in contatto con Finexpert Italia Srl., Agente in attivit\u00e0 finanziaria di Creditis Servizi Finanziari SpA e Confeserfidi Scarl, regolarmente operante ed iscritto all\u2019OAM nel rispetto della legge vigente in materia. L\u2019offerta commerciale potr\u00e0 variare in funzione della valutazione del profilo di rischio complessivo. In osservanza al D.lgs. 1\/9\/93 n.385 sulla trasparenza delle operazioni finanziarie. Tassi e condizioni sono riportati nei fogli informativi disponibili in filiale o cliccando ai seguenti link:<\/p>\t\t\t\t\t\t\t\t<\/div>\n\t\t\t\t<\/div>\n\t\t\t\t\t<\/div>\n\t\t<\/div>\n\t\t\t\t\t<\/div>\n\t\t<\/section>\n\t\t\t\t<section class=\"elementor-section elementor-top-section elementor-element elementor-element-6e743888 elementor-section-boxed elementor-section-height-default elementor-section-height-default\" data-id=\"6e743888\" data-element_type=\"section\" data-e-type=\"section\">\n\t\t\t\t\t\t<div class=\"elementor-container elementor-column-gap-default\">\n\t\t\t\t\t<div class=\"elementor-column elementor-col-100 elementor-top-column elementor-element elementor-element-b8a2acc\" data-id=\"b8a2acc\" data-element_type=\"column\" data-e-type=\"column\">\n\t\t\t<div class=\"elementor-widget-wrap\">\n\t\t\t\t\t\t\t<\/div>\n\t\t<\/div>\n\t\t\t\t\t<\/div>\n\t\t<\/section>\n\t\t\t\t<\/div>\n\t\t","protected":false},"excerpt":{"rendered":"<p>In base alla nostra analisi, l&#8217;azienda migliore per te \u00e8: Abbiamo scelto Finexpert.it perch\u00e9: \u2714\ufe0f L&#8217;azienda esiste dal 2005. Con i suoi di 19 anni di storia, \u00e8 un esempio perfetto di solida realt\u00e0 italiana; \u2714\ufe0f Conta pi\u00f9 di 7859 clienti in tutta Italia; \u2714\ufe0f \u00c8 certificata OAM (Organismo Agenti Mediatori); \u2714\ufe0f \u00c8 certificata IVASS [&hellip;]<\/p>\n","protected":false},"author":1,"featured_media":0,"parent":0,"menu_order":0,"comment_status":"closed","ping_status":"closed","template":"elementor_canvas","meta":{"footnotes":""},"folder":[18],"class_list":["post-3718","page","type-page","status-publish","hentry"],"yoast_head":"<!-- This site is optimized with the Yoast SEO plugin v27.4 - https:\/\/yoast.com\/product\/yoast-seo-wordpress\/ -->\n<title>Finexpert<\/title>\n<meta name=\"robots\" content=\"index, follow, max-snippet:-1, max-image-preview:large, max-video-preview:-1\" \/>\n<link rel=\"canonical\" href=\"https:\/\/haus-und-energie.net\/index.php\/finexpert-typage\/\" \/>\n<meta property=\"og:locale\" content=\"it_IT\" \/>\n<meta property=\"og:type\" content=\"article\" \/>\n<meta property=\"og:title\" content=\"Finexpert\" \/>\n<meta property=\"og:description\" content=\"In base alla nostra analisi, l&#8217;azienda migliore per te \u00e8: Abbiamo scelto Finexpert.it perch\u00e9: \u2714\ufe0f L&#8217;azienda esiste dal 2005. Con i suoi di 19 anni di storia, \u00e8 un esempio perfetto di solida realt\u00e0 italiana; \u2714\ufe0f Conta pi\u00f9 di 7859 clienti in tutta Italia; \u2714\ufe0f \u00c8 certificata OAM (Organismo Agenti Mediatori); \u2714\ufe0f \u00c8 certificata IVASS [&hellip;]\" \/>\n<meta property=\"og:url\" content=\"https:\/\/haus-und-energie.net\/index.php\/finexpert-typage\/\" \/>\n<meta property=\"og:site_name\" content=\"Notizie Aggiornate\" \/>\n<meta property=\"article:modified_time\" content=\"2024-02-28T23:12:05+00:00\" \/>\n<meta property=\"og:image\" content=\"http:\/\/18.159.216.47\/wp-content\/uploads\/2024\/02\/Untitled-design-2-e1708471886980.png\" \/>\n<meta name=\"twitter:card\" content=\"summary_large_image\" \/>\n<meta name=\"twitter:label1\" content=\"Tempo di lettura stimato\" \/>\n\t<meta name=\"twitter:data1\" content=\"4 minuti\" \/>\n<script type=\"application\/ld+json\" class=\"yoast-schema-graph\">{\"@context\":\"https:\\\/\\\/schema.org\",\"@graph\":[{\"@type\":\"WebPage\",\"@id\":\"https:\\\/\\\/haus-und-energie.net\\\/index.php\\\/finexpert-typage\\\/\",\"url\":\"https:\\\/\\\/haus-und-energie.net\\\/index.php\\\/finexpert-typage\\\/\",\"name\":\"Finexpert\",\"isPartOf\":{\"@id\":\"https:\\\/\\\/terapie-efficaci.com\\\/#website\"},\"primaryImageOfPage\":{\"@id\":\"https:\\\/\\\/haus-und-energie.net\\\/index.php\\\/finexpert-typage\\\/#primaryimage\"},\"image\":{\"@id\":\"https:\\\/\\\/haus-und-energie.net\\\/index.php\\\/finexpert-typage\\\/#primaryimage\"},\"thumbnailUrl\":\"http:\\\/\\\/18.159.216.47\\\/wp-content\\\/uploads\\\/2024\\\/02\\\/Untitled-design-2-e1708471886980.png\",\"datePublished\":\"2024-02-20T23:51:43+00:00\",\"dateModified\":\"2024-02-28T23:12:05+00:00\",\"breadcrumb\":{\"@id\":\"https:\\\/\\\/haus-und-energie.net\\\/index.php\\\/finexpert-typage\\\/#breadcrumb\"},\"inLanguage\":\"it-IT\",\"potentialAction\":[{\"@type\":\"ReadAction\",\"target\":[\"https:\\\/\\\/haus-und-energie.net\\\/index.php\\\/finexpert-typage\\\/\"]}]},{\"@type\":\"ImageObject\",\"inLanguage\":\"it-IT\",\"@id\":\"https:\\\/\\\/haus-und-energie.net\\\/index.php\\\/finexpert-typage\\\/#primaryimage\",\"url\":\"http:\\\/\\\/18.159.216.47\\\/wp-content\\\/uploads\\\/2024\\\/02\\\/Untitled-design-2-e1708471886980.png\",\"contentUrl\":\"http:\\\/\\\/18.159.216.47\\\/wp-content\\\/uploads\\\/2024\\\/02\\\/Untitled-design-2-e1708471886980.png\"},{\"@type\":\"BreadcrumbList\",\"@id\":\"https:\\\/\\\/haus-und-energie.net\\\/index.php\\\/finexpert-typage\\\/#breadcrumb\",\"itemListElement\":[{\"@type\":\"ListItem\",\"position\":1,\"name\":\"Home\",\"item\":\"https:\\\/\\\/terapie-efficaci.com\\\/\"},{\"@type\":\"ListItem\",\"position\":2,\"name\":\"Finexpert &#8211; TY Page\"}]},{\"@type\":\"WebSite\",\"@id\":\"https:\\\/\\\/terapie-efficaci.com\\\/#website\",\"url\":\"https:\\\/\\\/terapie-efficaci.com\\\/\",\"name\":\"Notizie Aggiornate\",\"description\":\"\",\"potentialAction\":[{\"@type\":\"SearchAction\",\"target\":{\"@type\":\"EntryPoint\",\"urlTemplate\":\"https:\\\/\\\/terapie-efficaci.com\\\/?s={search_term_string}\"},\"query-input\":{\"@type\":\"PropertyValueSpecification\",\"valueRequired\":true,\"valueName\":\"search_term_string\"}}],\"inLanguage\":\"it-IT\"}]}<\/script>\n<!-- \/ Yoast SEO plugin. -->","yoast_head_json":{"title":"Finexpert","robots":{"index":"index","follow":"follow","max-snippet":"max-snippet:-1","max-image-preview":"max-image-preview:large","max-video-preview":"max-video-preview:-1"},"canonical":"https:\/\/haus-und-energie.net\/index.php\/finexpert-typage\/","og_locale":"it_IT","og_type":"article","og_title":"Finexpert","og_description":"In base alla nostra analisi, l&#8217;azienda migliore per te \u00e8: Abbiamo scelto Finexpert.it perch\u00e9: \u2714\ufe0f L&#8217;azienda esiste dal 2005. Con i suoi di 19 anni di storia, \u00e8 un esempio perfetto di solida realt\u00e0 italiana; \u2714\ufe0f Conta pi\u00f9 di 7859 clienti in tutta Italia; \u2714\ufe0f \u00c8 certificata OAM (Organismo Agenti Mediatori); \u2714\ufe0f \u00c8 certificata IVASS [&hellip;]","og_url":"https:\/\/haus-und-energie.net\/index.php\/finexpert-typage\/","og_site_name":"Notizie Aggiornate","article_modified_time":"2024-02-28T23:12:05+00:00","og_image":[{"url":"http:\/\/18.159.216.47\/wp-content\/uploads\/2024\/02\/Untitled-design-2-e1708471886980.png","type":"","width":"","height":""}],"twitter_card":"summary_large_image","twitter_misc":{"Tempo di lettura stimato":"4 minuti"},"schema":{"@context":"https:\/\/schema.org","@graph":[{"@type":"WebPage","@id":"https:\/\/haus-und-energie.net\/index.php\/finexpert-typage\/","url":"https:\/\/haus-und-energie.net\/index.php\/finexpert-typage\/","name":"Finexpert","isPartOf":{"@id":"https:\/\/terapie-efficaci.com\/#website"},"primaryImageOfPage":{"@id":"https:\/\/haus-und-energie.net\/index.php\/finexpert-typage\/#primaryimage"},"image":{"@id":"https:\/\/haus-und-energie.net\/index.php\/finexpert-typage\/#primaryimage"},"thumbnailUrl":"http:\/\/18.159.216.47\/wp-content\/uploads\/2024\/02\/Untitled-design-2-e1708471886980.png","datePublished":"2024-02-20T23:51:43+00:00","dateModified":"2024-02-28T23:12:05+00:00","breadcrumb":{"@id":"https:\/\/haus-und-energie.net\/index.php\/finexpert-typage\/#breadcrumb"},"inLanguage":"it-IT","potentialAction":[{"@type":"ReadAction","target":["https:\/\/haus-und-energie.net\/index.php\/finexpert-typage\/"]}]},{"@type":"ImageObject","inLanguage":"it-IT","@id":"https:\/\/haus-und-energie.net\/index.php\/finexpert-typage\/#primaryimage","url":"http:\/\/18.159.216.47\/wp-content\/uploads\/2024\/02\/Untitled-design-2-e1708471886980.png","contentUrl":"http:\/\/18.159.216.47\/wp-content\/uploads\/2024\/02\/Untitled-design-2-e1708471886980.png"},{"@type":"BreadcrumbList","@id":"https:\/\/haus-und-energie.net\/index.php\/finexpert-typage\/#breadcrumb","itemListElement":[{"@type":"ListItem","position":1,"name":"Home","item":"https:\/\/terapie-efficaci.com\/"},{"@type":"ListItem","position":2,"name":"Finexpert &#8211; TY Page"}]},{"@type":"WebSite","@id":"https:\/\/terapie-efficaci.com\/#website","url":"https:\/\/terapie-efficaci.com\/","name":"Notizie Aggiornate","description":"","potentialAction":[{"@type":"SearchAction","target":{"@type":"EntryPoint","urlTemplate":"https:\/\/terapie-efficaci.com\/?s={search_term_string}"},"query-input":{"@type":"PropertyValueSpecification","valueRequired":true,"valueName":"search_term_string"}}],"inLanguage":"it-IT"}]}},"_links":{"self":[{"href":"https:\/\/trading-news.oneyeartarget.it\/index.php\/wp-json\/wp\/v2\/pages\/3718","targetHints":{"allow":["GET"]}}],"collection":[{"href":"https:\/\/trading-news.oneyeartarget.it\/index.php\/wp-json\/wp\/v2\/pages"}],"about":[{"href":"https:\/\/trading-news.oneyeartarget.it\/index.php\/wp-json\/wp\/v2\/types\/page"}],"author":[{"embeddable":true,"href":"https:\/\/trading-news.oneyeartarget.it\/index.php\/wp-json\/wp\/v2\/users\/1"}],"replies":[{"embeddable":true,"href":"https:\/\/trading-news.oneyeartarget.it\/index.php\/wp-json\/wp\/v2\/comments?post=3718"}],"version-history":[{"count":30,"href":"https:\/\/trading-news.oneyeartarget.it\/index.php\/wp-json\/wp\/v2\/pages\/3718\/revisions"}],"predecessor-version":[{"id":3819,"href":"https:\/\/trading-news.oneyeartarget.it\/index.php\/wp-json\/wp\/v2\/pages\/3718\/revisions\/3819"}],"wp:attachment":[{"href":"https:\/\/trading-news.oneyeartarget.it\/index.php\/wp-json\/wp\/v2\/media?parent=3718"}],"wp:term":[{"taxonomy":"folder","embeddable":true,"href":"https:\/\/trading-news.oneyeartarget.it\/index.php\/wp-json\/wp\/v2\/folder?post=3718"}],"curies":[{"name":"wp","href":"https:\/\/api.w.org\/{rel}","templated":true}]}}